{"id":45,"date":"2015-03-18T17:11:27","date_gmt":"2015-03-18T17:11:27","guid":{"rendered":"http:\/\/iscweb.de\/de\/?page_id=45"},"modified":"2017-08-09T15:31:46","modified_gmt":"2017-08-09T13:31:46","slug":"basicplus-mit-1-klick-cms-installation","status":"publish","type":"page","link":"https:\/\/iscweb.de\/de\/ganz-einfach-website-hosting\/basicplus-mit-1-klick-cms-installation\/","title":{"rendered":"Paket BASICplus &#8211; mit 1-Klick CMS-Installation"},"content":{"rendered":"<p><a href=\"https:\/\/iscweb.de\/de\/wp-content\/uploads\/2015\/03\/paket-optionen-1.png\"><img loading=\"lazy\" decoding=\"async\" class=\"size-full wp-image-59\" src=\"https:\/\/iscweb.de\/de\/wp-content\/uploads\/2015\/03\/paket-optionen-1.png\" alt=\"html css php mysql perl python\" width=\"658\" height=\"68\" \/><\/a><\/p>\n<p><strong>Paket BASICplus\u00a0<\/strong><a href=\"https:\/\/iscweb.de\/de\/wp-content\/uploads\/2015\/03\/apps-optionen-1.png\"><img loading=\"lazy\" decoding=\"async\" class=\"alignright size-full wp-image-67\" src=\"https:\/\/iscweb.de\/de\/wp-content\/uploads\/2015\/03\/apps-optionen-1.png\" alt=\"apps-optionen-1\" width=\"300\" height=\"200\" \/><\/a><br \/>\n<span style=\"line-height: 1.5;\"><br \/>\n1 Dom\u00e4ne .de oder .com oder .eu<br \/>\n30 Subdomains z.B. mail.IhreDom\u00e4ne.de<br \/>\n30 Aliasdomains m\u00f6glich (nur j\u00e4hrliche Registrierungsgeb\u00fchren werden berechnet.)<br \/>\n1 GB Traffic pro Monat<br \/>\n1 GB\u00a0Speicherplatz f\u00fcr Website<br \/>\n3 MySQL Datenbanken<br \/>\nZugang phpMyAdmin<br \/>\nShell-Zug\u00e4nge (SSH\/Jailkit)<br \/>\n30\u00a0POP3 oder IMAP Mail-Postf\u00e4cher<br \/>\nAutomatische t\u00e4gliche Backups der Website<br \/>\nFTP-Zugang<br \/>\nStatistik<br \/>\nZugang zum ISC-Hosting-Panel<br \/>\nEin\u00a0Monat kostenfrei, 24 Monate Laufzeit, verl\u00e4ngert sich um 12 Monate<br \/>\nUpgrade oder Downgrade\u00a0jederzeit m\u00f6glich<br \/>\nPreis pro Monat: \u00a014,90 \u20ac inkl. 19% MwSt.<br \/>\n<\/span><\/p>\n","protected":false},"excerpt":{"rendered":"<p>Paket BASICplus\u00a0 1 Dom\u00e4ne .de oder .com oder .eu 30 Subdomains z.B. mail.IhreDom\u00e4ne.de 30 Aliasdomains m\u00f6glich (nur j\u00e4hrliche Registrierungsgeb\u00fchren werden berechnet.) 1 GB Traffic pro Monat 1 GB\u00a0Speicherplatz f\u00fcr Website&#8230;.<\/p>\n","protected":false},"author":1,"featured_media":0,"parent":39,"menu_order":12,"comment_status":"closed","ping_status":"closed","template":"","meta":{"footnotes":""},"_links":{"self":[{"href":"https:\/\/iscweb.de\/de\/wp-json\/wp\/v2\/pages\/45"}],"collection":[{"href":"https:\/\/iscweb.de\/de\/wp-json\/wp\/v2\/pages"}],"about":[{"href":"https:\/\/iscweb.de\/de\/wp-json\/wp\/v2\/types\/page"}],"author":[{"embeddable":true,"href":"https:\/\/iscweb.de\/de\/wp-json\/wp\/v2\/users\/1"}],"replies":[{"embeddable":true,"href":"https:\/\/iscweb.de\/de\/wp-json\/wp\/v2\/comments?post=45"}],"version-history":[{"count":14,"href":"https:\/\/iscweb.de\/de\/wp-json\/wp\/v2\/pages\/45\/revisions"}],"predecessor-version":[{"id":345,"href":"https:\/\/iscweb.de\/de\/wp-json\/wp\/v2\/pages\/45\/revisions\/345"}],"up":[{"embeddable":true,"href":"https:\/\/iscweb.de\/de\/wp-json\/wp\/v2\/pages\/39"}],"wp:attachment":[{"href":"https:\/\/iscweb.de\/de\/wp-json\/wp\/v2\/media?parent=45"}],"curies":[{"name":"wp","href":"https:\/\/api.w.org\/{rel}","templated":true}]}}