{"id":41,"date":"2015-03-18T17:06:58","date_gmt":"2015-03-18T17:06:58","guid":{"rendered":"http:\/\/iscweb.de\/de\/?page_id=41"},"modified":"2017-08-09T15:28:53","modified_gmt":"2017-08-09T13:28:53","slug":"basic-fuer-statische-websites","status":"publish","type":"page","link":"https:\/\/iscweb.de\/de\/ganz-einfach-website-hosting\/basic-fuer-statische-websites\/","title":{"rendered":"Paket BASIC &#8211; f\u00fcr statische Websites"},"content":{"rendered":"<p><a href=\"https:\/\/iscweb.de\/de\/wp-content\/uploads\/2015\/03\/HTML.png\"><img loading=\"lazy\" decoding=\"async\" class=\" size-full wp-image-28 alignleft\" src=\"https:\/\/iscweb.de\/de\/wp-content\/uploads\/2015\/03\/HTML.png\" alt=\"HTML\" width=\"179\" height=\"48\" \/><\/a>F\u00fcr einfache statische Websites empfehlen wir das Paket BASIC.<\/p>\n<p>&nbsp;<\/p>\n<p>1 Dom\u00e4ne\u00a0.de oder .com oder .eu<br \/>\n10 Subdomains z.B. mail.IhreDom\u00e4ne.de<br \/>\n10 Aliasdomains m\u00f6glich (nur j\u00e4hrliche Registrierungsgeb\u00fchren werden berechnet.)<br \/>\n1 GB Traffic pro Monat<br \/>\n500 MB Speicherplatz f\u00fcr Website<br \/>\n10 POP3 oder IMAP Postf\u00e4cher<br \/>\nAutomatische t\u00e4gliche Backups der Website<br \/>\nFTP-Zugang<br \/>\nStatistik<br \/>\nZugang zum ISC-Hosting-Panel<br \/>\nEin\u00a0Monat kostenfrei, 24 Monate Laufzeit, verl\u00e4ngert sich um 12 Monate<br \/>\nUpgrade auf Paket BASICplus oder h\u00f6here jederzeit m\u00f6glich<br \/>\nPreis pro Monat: \u00a011,90 \u20ac inkl. 19% MwSt.<\/p>\n","protected":false},"excerpt":{"rendered":"<p>F\u00fcr einfache statische Websites empfehlen wir das Paket BASIC. &nbsp; 1 Dom\u00e4ne\u00a0.de oder .com oder .eu 10 Subdomains z.B. mail.IhreDom\u00e4ne.de 10 Aliasdomains m\u00f6glich (nur j\u00e4hrliche Registrierungsgeb\u00fchren werden berechnet.) 1 GB&#8230;.<\/p>\n","protected":false},"author":1,"featured_media":0,"parent":39,"menu_order":10,"comment_status":"closed","ping_status":"closed","template":"","meta":{"footnotes":""},"_links":{"self":[{"href":"https:\/\/iscweb.de\/de\/wp-json\/wp\/v2\/pages\/41"}],"collection":[{"href":"https:\/\/iscweb.de\/de\/wp-json\/wp\/v2\/pages"}],"about":[{"href":"https:\/\/iscweb.de\/de\/wp-json\/wp\/v2\/types\/page"}],"author":[{"embeddable":true,"href":"https:\/\/iscweb.de\/de\/wp-json\/wp\/v2\/users\/1"}],"replies":[{"embeddable":true,"href":"https:\/\/iscweb.de\/de\/wp-json\/wp\/v2\/comments?post=41"}],"version-history":[{"count":9,"href":"https:\/\/iscweb.de\/de\/wp-json\/wp\/v2\/pages\/41\/revisions"}],"predecessor-version":[{"id":343,"href":"https:\/\/iscweb.de\/de\/wp-json\/wp\/v2\/pages\/41\/revisions\/343"}],"up":[{"embeddable":true,"href":"https:\/\/iscweb.de\/de\/wp-json\/wp\/v2\/pages\/39"}],"wp:attachment":[{"href":"https:\/\/iscweb.de\/de\/wp-json\/wp\/v2\/media?parent=41"}],"curies":[{"name":"wp","href":"https:\/\/api.w.org\/{rel}","templated":true}]}}