{"id":39,"date":"2015-03-18T17:05:59","date_gmt":"2015-03-18T17:05:59","guid":{"rendered":"http:\/\/iscweb.de\/de\/?page_id=39"},"modified":"2015-04-28T07:08:27","modified_gmt":"2015-04-28T07:08:27","slug":"ganz-einfach-website-hosting","status":"publish","type":"page","link":"https:\/\/iscweb.de\/de\/ganz-einfach-website-hosting\/","title":{"rendered":"Ganz einfach !<br>isc Website Hosting"},"content":{"rendered":"<p style=\"text-align: justify;\">Sie k\u00f6nnen im Shop ein Hosting Paket buchen, Sie k\u00f6nnen uns anrufen oder eine Email schreiben. Sagen Sie uns was Sie vorhaben, wir beraten Sie gerne. Neben den Leistungsdaten Ihres Hosting-Paketes, die wir auf\u00a0den folgenden Seiten n\u00e4her beschreiben, erhalten Sie bei uns Unterst\u00fctzung f\u00fcr Ihr Projekt.\u00a0<strong>Sie bekommen Ihren ganz pers\u00f6nlichen Ansprechpartner.<\/strong><\/p>\n<p>\u00a0<a href=\"https:\/\/iscweb.de\/de\/wp-content\/uploads\/2015\/03\/wpjoodrutypo.png\"><img loading=\"lazy\" decoding=\"async\" class=\" size-full wp-image-25 alignleft\" src=\"https:\/\/iscweb.de\/de\/wp-content\/uploads\/2015\/03\/wpjoodrutypo.png\" alt=\"wpjoodrutypo\" width=\"188\" height=\"227\" \/><\/a><\/p>\n<p style=\"text-align: justify;\">Ab dem Paket BasicPlus sind\u00a0in allen Paketen auch mehrere MySQL Datenbanken enthalten und <strong>Sie k\u00f6nnen aus \u00fcber 80 Content Management Systemen das f\u00fcr Sie Passende ausw\u00e4hlen und mit einem Klick installieren.<\/strong> Nach wenigen Minuten steht Ihnen Ihr WordPress, Joomla, Magento, Drupal und viele mehr zur Verf\u00fcgung. Sie k\u00f6nnen praktisch sofort beginnen\u00a0Ihre Inhalte zu ver\u00f6ffentlichen.<\/p>\n<p style=\"text-align: justify;\">Wenn Sie Ihr System lieber individuell zusammenstellen m\u00f6chten. Sprechen Sie mit uns, wir sind in der Beziehung ganz flexibel und freuen uns auf eine langfristige Zusammenarbeit mit Ihnen.<\/p>\n","protected":false},"excerpt":{"rendered":"<p>Sie k\u00f6nnen im Shop ein Hosting Paket buchen, Sie k\u00f6nnen uns anrufen oder eine Email schreiben. Sagen Sie uns was Sie vorhaben, wir beraten Sie gerne. Neben den Leistungsdaten Ihres&#8230;.<\/p>\n","protected":false},"author":1,"featured_media":0,"parent":0,"menu_order":0,"comment_status":"closed","ping_status":"closed","template":"","meta":{"footnotes":""},"_links":{"self":[{"href":"https:\/\/iscweb.de\/de\/wp-json\/wp\/v2\/pages\/39"}],"collection":[{"href":"https:\/\/iscweb.de\/de\/wp-json\/wp\/v2\/pages"}],"about":[{"href":"https:\/\/iscweb.de\/de\/wp-json\/wp\/v2\/types\/page"}],"author":[{"embeddable":true,"href":"https:\/\/iscweb.de\/de\/wp-json\/wp\/v2\/users\/1"}],"replies":[{"embeddable":true,"href":"https:\/\/iscweb.de\/de\/wp-json\/wp\/v2\/comments?post=39"}],"version-history":[{"count":15,"href":"https:\/\/iscweb.de\/de\/wp-json\/wp\/v2\/pages\/39\/revisions"}],"predecessor-version":[{"id":199,"href":"https:\/\/iscweb.de\/de\/wp-json\/wp\/v2\/pages\/39\/revisions\/199"}],"wp:attachment":[{"href":"https:\/\/iscweb.de\/de\/wp-json\/wp\/v2\/media?parent=39"}],"curies":[{"name":"wp","href":"https:\/\/api.w.org\/{rel}","templated":true}]}}