{"id":351,"date":"2017-10-10T15:10:51","date_gmt":"2017-10-10T13:10:51","guid":{"rendered":"http:\/\/iscweb.de\/de\/?page_id=351"},"modified":"2021-06-08T23:10:35","modified_gmt":"2021-06-08T21:10:35","slug":"351-2","status":"publish","type":"page","link":"https:\/\/iscweb.de\/de\/351-2\/","title":{"rendered":"Mail Einstellungen"},"content":{"rendered":"<p>Als Domain-Inhaber k\u00f6nnen Sie \u00fcber das &#8222;Hosting Control Panel&#8220; neben allen Website Einstellungen auch Email-Konten f\u00fcr Ihre Benutzer anlegen und editieren.<\/p>\n<p>Sie k\u00f6nnen mit allen Ihren PCs, Smartphones oder Tablets auf Ihre Emails zugreifen, indem Sie einen vorhandenen MailClient, Ihr eigenes Outlook, LotusNotes, Thunderbird&#8230;etc. verwenden oder mit dem Browser die Webmail-Funktion benutzen.<\/p>\n<p><strong>Mailserver Einstellungen<\/strong> f\u00fcr Clients finden Sie <a href=\"#Server\">hier<\/a>.<\/p>\n<p>Als\u00a0Email-Benutzer stehen Ihnen individuelle Einstellm\u00f6glichkeiten\u00a0f\u00fcr Ihr\u00a0Konto zur Verf\u00fcgung. So k\u00f6nnen Sie Ihr\u00a0Kennwort \u00e4ndern, Autoresponder,\u00a0Filtereinstellungen und Backup-Einstellungen selbst vornehmen.<\/p>\n<p><a href=\"https:\/\/iscweb.de\/de\/wp-content\/uploads\/2017\/10\/Mail-Hilfe-1.jpg\"><img loading=\"lazy\" decoding=\"async\" class=\"aligncenter wp-image-356 size-full\" src=\"https:\/\/iscweb.de\/de\/wp-content\/uploads\/2017\/10\/Mail-Hilfe-1.jpg\" alt=\"\" width=\"619\" height=\"278\" srcset=\"https:\/\/iscweb.de\/de\/wp-content\/uploads\/2017\/10\/Mail-Hilfe-1.jpg 619w, https:\/\/iscweb.de\/de\/wp-content\/uploads\/2017\/10\/Mail-Hilfe-1-300x135.jpg 300w\" sizes=\"(max-width: 619px) 100vw, 619px\" \/><\/a><\/p>\n<p>Klicken Sie rechts oben auf der Seite auf MAIL &#8211; MAIL-Einstellungen. Verwenden Sie Ihre Email Zugangsdaten f\u00fcr die Anmeldung und schon stehen Ihre Optionen f\u00fcr Sie bereit.<\/p>\n<p><a href=\"https:\/\/iscweb.de\/de\/wp-content\/uploads\/2017\/10\/Mail-Hilfe-2.jpg\"><img loading=\"lazy\" decoding=\"async\" class=\"aligncenter wp-image-359 size-full\" src=\"https:\/\/iscweb.de\/de\/wp-content\/uploads\/2017\/10\/Mail-Hilfe-2.jpg\" alt=\"\" width=\"1294\" height=\"566\" srcset=\"https:\/\/iscweb.de\/de\/wp-content\/uploads\/2017\/10\/Mail-Hilfe-2.jpg 1294w, https:\/\/iscweb.de\/de\/wp-content\/uploads\/2017\/10\/Mail-Hilfe-2-300x131.jpg 300w, https:\/\/iscweb.de\/de\/wp-content\/uploads\/2017\/10\/Mail-Hilfe-2-768x336.jpg 768w, https:\/\/iscweb.de\/de\/wp-content\/uploads\/2017\/10\/Mail-Hilfe-2-1024x448.jpg 1024w\" sizes=\"(max-width: 1294px) 100vw, 1294px\" \/><\/a><\/p>\n<h4 id=\"Server\">Mailserver Einstellungen f\u00fcr Email-Clients:<\/h4>\n<table>\n<tbody>\n<tr>\n<td>Eingangsserver:<\/td>\n<td>cloud3.iscweb.de<\/td>\n<td><\/td>\n<\/tr>\n<tr>\n<td>Port:<\/td>\n<td>143<\/td>\n<td>Typ IMAP<\/td>\n<\/tr>\n<tr>\n<td>Port:<\/td>\n<td>993<\/td>\n<td>Typ POP<\/td>\n<\/tr>\n<tr>\n<td>Verschl\u00fcsselung:<\/td>\n<td>STARTTLS<\/td>\n<td><\/td>\n<\/tr>\n<tr>\n<td>Auth.Methode:<\/td>\n<td>Passwort normal<\/td>\n<td><\/td>\n<\/tr>\n<\/tbody>\n<\/table>\n<hr \/>\n<table>\n<tbody>\n<tr>\n<td>Ausgangsserver:<\/td>\n<td>cloud3.iscweb.de<\/td>\n<td><\/td>\n<\/tr>\n<tr>\n<td>Port:<\/td>\n<td>587<\/td>\n<td>Typ SMTP<\/td>\n<\/tr>\n<tr>\n<td>Verschl\u00fcsselung:<\/td>\n<td>STARTTLS<\/td>\n<td><\/td>\n<\/tr>\n<tr>\n<td>Auth.Methode:<\/td>\n<td>Passwort normal<\/td>\n<td><\/td>\n<\/tr>\n<\/tbody>\n<\/table>\n<hr \/>\n<p>Da die gesamte Verbindung zum Server von Anfang an verschl\u00fcsselt wird, braucht das Kennwort nicht extra verschl\u00fcsselt zu werden.<\/p>\n","protected":false},"excerpt":{"rendered":"<p>Als Domain-Inhaber k\u00f6nnen Sie \u00fcber das &#8222;Hosting Control Panel&#8220; neben allen Website Einstellungen auch Email-Konten f\u00fcr Ihre Benutzer anlegen und editieren. Sie k\u00f6nnen mit allen Ihren PCs, Smartphones oder Tablets&#8230;.<\/p>\n","protected":false},"author":1,"featured_media":0,"parent":0,"menu_order":0,"comment_status":"closed","ping_status":"closed","template":"","meta":{"footnotes":""},"_links":{"self":[{"href":"https:\/\/iscweb.de\/de\/wp-json\/wp\/v2\/pages\/351"}],"collection":[{"href":"https:\/\/iscweb.de\/de\/wp-json\/wp\/v2\/pages"}],"about":[{"href":"https:\/\/iscweb.de\/de\/wp-json\/wp\/v2\/types\/page"}],"author":[{"embeddable":true,"href":"https:\/\/iscweb.de\/de\/wp-json\/wp\/v2\/users\/1"}],"replies":[{"embeddable":true,"href":"https:\/\/iscweb.de\/de\/wp-json\/wp\/v2\/comments?post=351"}],"version-history":[{"count":24,"href":"https:\/\/iscweb.de\/de\/wp-json\/wp\/v2\/pages\/351\/revisions"}],"predecessor-version":[{"id":434,"href":"https:\/\/iscweb.de\/de\/wp-json\/wp\/v2\/pages\/351\/revisions\/434"}],"wp:attachment":[{"href":"https:\/\/iscweb.de\/de\/wp-json\/wp\/v2\/media?parent=351"}],"curies":[{"name":"wp","href":"https:\/\/api.w.org\/{rel}","templated":true}]}}