{"id":181,"date":"2015-03-20T16:28:10","date_gmt":"2015-03-20T16:28:10","guid":{"rendered":"http:\/\/iscweb.de\/de\/?page_id=181"},"modified":"2015-03-20T17:10:54","modified_gmt":"2015-03-20T17:10:54","slug":"server","status":"publish","type":"page","link":"https:\/\/iscweb.de\/de\/ganz-einfach-website-hosting\/server\/","title":{"rendered":"vServer \/ pServer"},"content":{"rendered":"<p><strong>vServer<\/strong><\/p>\n<p style=\"text-align: justify;\">Das Betriebssystem eines Windows- oder Linux-Servers l\u00e4uft in einem abgeschotteten Segment einer physischen Server Hardware. Anzahl der Prozessoren, Gr\u00f6\u00dfe des Arbeitsspeichers und Gr\u00f6\u00dfe der Festplatte oder SSD k\u00f6nnen Sie mit uns individuell abstimmen. Upgrades sind jederzeit m\u00f6glich, wenn Sie mehr Leistung ben\u00f6tigen.<br \/>\nvServer haben eine eigene IP-Adresse. Serverstandort ist im Normalfall unser Datacenter in Marktheidenfeld\/Bayern. Weitere M\u00f6glichkeiten sind W\u00fcrzburg, Frankfurt und Shanghai.<\/p>\n<p><strong>pServer<\/strong><\/p>\n<p style=\"text-align: justify;\">Physische Server stehen Ihnen voll und ganz alleine zur Verf\u00fcgung. Sie stimmen Ihren Leistungsbedarf mit uns ab und wir stellen Ihnen die Maschine gegen einen monatlichen Betrag zur Verf\u00fcgung. pServer haben eine eigene IP-Adresse. Serverstandort ist Marktheidenfeld. Alternative W\u00fcrzburg.<\/p>\n<p style=\"text-align: justify;\">Angebote f\u00fcr beide Serverarten erstellen wir f\u00fcr Sie gerne auf Anfrage.<\/p>\n","protected":false},"excerpt":{"rendered":"<p>vServer Das Betriebssystem eines Windows- oder Linux-Servers l\u00e4uft in einem abgeschotteten Segment einer physischen Server Hardware. Anzahl der Prozessoren, Gr\u00f6\u00dfe des Arbeitsspeichers und Gr\u00f6\u00dfe der Festplatte oder SSD k\u00f6nnen Sie&#8230;.<\/p>\n","protected":false},"author":1,"featured_media":0,"parent":39,"menu_order":14,"comment_status":"closed","ping_status":"closed","template":"","meta":{"footnotes":""},"_links":{"self":[{"href":"https:\/\/iscweb.de\/de\/wp-json\/wp\/v2\/pages\/181"}],"collection":[{"href":"https:\/\/iscweb.de\/de\/wp-json\/wp\/v2\/pages"}],"about":[{"href":"https:\/\/iscweb.de\/de\/wp-json\/wp\/v2\/types\/page"}],"author":[{"embeddable":true,"href":"https:\/\/iscweb.de\/de\/wp-json\/wp\/v2\/users\/1"}],"replies":[{"embeddable":true,"href":"https:\/\/iscweb.de\/de\/wp-json\/wp\/v2\/comments?post=181"}],"version-history":[{"count":6,"href":"https:\/\/iscweb.de\/de\/wp-json\/wp\/v2\/pages\/181\/revisions"}],"predecessor-version":[{"id":192,"href":"https:\/\/iscweb.de\/de\/wp-json\/wp\/v2\/pages\/181\/revisions\/192"}],"up":[{"embeddable":true,"href":"https:\/\/iscweb.de\/de\/wp-json\/wp\/v2\/pages\/39"}],"wp:attachment":[{"href":"https:\/\/iscweb.de\/de\/wp-json\/wp\/v2\/media?parent=181"}],"curies":[{"name":"wp","href":"https:\/\/api.w.org\/{rel}","templated":true}]}}