{"id":172,"date":"2015-03-20T10:35:31","date_gmt":"2015-03-20T10:35:31","guid":{"rendered":"http:\/\/iscweb.de\/de\/?page_id=172"},"modified":"2015-03-20T11:00:38","modified_gmt":"2015-03-20T11:00:38","slug":"widerrufsbelehrung","status":"publish","type":"page","link":"https:\/\/iscweb.de\/de\/iscinfo\/widerrufsbelehrung\/","title":{"rendered":"Widerrufsbelehrung"},"content":{"rendered":"<p><strong>Widerrufsbelehrung<\/strong><\/p>\n<p>Widerrufsrecht f\u00fcr Verbraucher i.S.d. \u00a713 BGB<\/p>\n<p>Sie haben das Recht, binnen vierzehn Tagen ohne Angabe von Gr\u00fcnden diesen Vertrag zu widerrufen.<br \/>\nDie Widerrufsfrist betr\u00e4gt vierzehn Tage ab dem Tag an dem Sie oder ein von Ihnen benannter Dritter, der nicht der Bef\u00f6rderer ist, die Waren in Besitz genommen haben bzw. hat. Im Falle von Teillieferungen einer Bestellung gilt der Tag der zuletzt erfolgten Teillieferung.<br \/>\nUm Ihr Widerrufsrecht auszu\u00fcben, m\u00fcssen Sie uns <\/p>\n<p>ISC GmbH, Zum Kraehenschnabel 1, 97837 Erlenbach,<br \/>\nTelefon: +49 9391 906 5059<br \/>\nFax: +49 9391 916 155<br \/>\nEmail: info@iscweb.de<\/p>\n<p>mittels einer eindeutigen Erkl\u00e4rung (z.B. ein mit der Post versandter Brief, Telefax oder E-Mail) \u00fcber Ihren Entschluss, diesen Vertrag zu widerrufen, informieren. Sie k\u00f6nnen daf\u00fcr das beigef\u00fcgte Muster-Widerrufsformular verwenden, das jedoch nicht vorgeschrieben ist.<br \/>\n<a href=\"https:\/\/iscweb.de\/de\/wp-content\/uploads\/2015\/03\/Widerrufsformular.pdf\">Widerrufsformular<\/a><\/p>\n<p>Zur Wahrung der Widerrufsfrist reicht es aus, dass Sie die Mitteilung \u00fcber die Aus\u00fcbung des Widerrufsrechts vor Ablauf der Widerrufsfrist absenden.<\/p>\n<p>Folgen des Widerrufs<br \/>\nWenn Sie diesen Vertrag widerrufen, haben wir Ihnen alle Zahlungen, die wir von Ihnen erhalten haben, einschlie\u00dflich der Lieferkosten (mit Ausnahme der zus\u00e4tzlichen Kosten, die sich daraus ergeben, dass Sie eine andere Art der Lieferung als die von uns angebotene, g\u00fcnstigste Standardlieferung gew\u00e4hlt haben), unverz\u00fcglich und sp\u00e4testens binnen vierzehn Tagen ab dem Tag zur\u00fcckzuzahlen, an dem die Mitteilung \u00fcber Ihren Widerruf dieses Vertrags bei uns eingegangen ist. F\u00fcr diese R\u00fcckzahlung verwenden wir dasselbe Zahlungsmittel, das Sie bei der urspr\u00fcnglichen Transaktion eingesetzt haben, es sei denn, mit Ihnen wurde ausdr\u00fccklich etwas anderes vereinbart; in keinem Fall werden Ihnen wegen dieser R\u00fcckzahlung Entgelte berechnet. Wir k\u00f6nnen die R\u00fcckzahlung verweigern, bis wir die Waren wiederzur\u00fcckerhalten haben oder bis Sie den Nachweis erbringen, dass Sie die Waren zur\u00fcckgesandt haben, je nachdem, welches der fr\u00fchere Zeitpunkt ist.<\/p>\n<p>Sie haben die Waren unverz\u00fcglich und in jedem Fall sp\u00e4testens binnen vierzehn Tagen ab dem Tag, an dem Sie uns \u00fcber den Widerruf dieses Vertrags unterrichten, an uns zur\u00fcckzusenden oder zu \u00fcbergeben. Die Frist ist gewahrt, wenn Sie die Waren vor Ablauf der Frist von vierzehn Tagen absenden.<\/p>\n<p>Sie m\u00fcssen f\u00fcr einen etwaigen Wertverlust der Waren nur aufkommen, wenn dieser Wertverlust auf einen zur Pr\u00fcfung der Beschaffenheit, Eigenschaften und Funktionsweise der Waren nicht notwendigen Umgang mit ihnen zur\u00fcckzuf\u00fchren ist.<\/p>\n","protected":false},"excerpt":{"rendered":"<p>Widerrufsbelehrung Widerrufsrecht f\u00fcr Verbraucher i.S.d. \u00a713 BGB Sie haben das Recht, binnen vierzehn Tagen ohne Angabe von Gr\u00fcnden diesen Vertrag zu widerrufen. Die Widerrufsfrist betr\u00e4gt vierzehn Tage ab dem Tag&#8230;.<\/p>\n","protected":false},"author":1,"featured_media":0,"parent":111,"menu_order":4,"comment_status":"closed","ping_status":"closed","template":"","meta":{"footnotes":""},"_links":{"self":[{"href":"https:\/\/iscweb.de\/de\/wp-json\/wp\/v2\/pages\/172"}],"collection":[{"href":"https:\/\/iscweb.de\/de\/wp-json\/wp\/v2\/pages"}],"about":[{"href":"https:\/\/iscweb.de\/de\/wp-json\/wp\/v2\/types\/page"}],"author":[{"embeddable":true,"href":"https:\/\/iscweb.de\/de\/wp-json\/wp\/v2\/users\/1"}],"replies":[{"embeddable":true,"href":"https:\/\/iscweb.de\/de\/wp-json\/wp\/v2\/comments?post=172"}],"version-history":[{"count":3,"href":"https:\/\/iscweb.de\/de\/wp-json\/wp\/v2\/pages\/172\/revisions"}],"predecessor-version":[{"id":176,"href":"https:\/\/iscweb.de\/de\/wp-json\/wp\/v2\/pages\/172\/revisions\/176"}],"up":[{"embeddable":true,"href":"https:\/\/iscweb.de\/de\/wp-json\/wp\/v2\/pages\/111"}],"wp:attachment":[{"href":"https:\/\/iscweb.de\/de\/wp-json\/wp\/v2\/media?parent=172"}],"curies":[{"name":"wp","href":"https:\/\/api.w.org\/{rel}","templated":true}]}}