{"id":159,"date":"2015-03-20T09:18:09","date_gmt":"2015-03-20T09:18:09","guid":{"rendered":"http:\/\/iscweb.de\/de\/?page_id=159"},"modified":"2020-10-09T11:31:04","modified_gmt":"2020-10-09T09:31:04","slug":"datenschutz","status":"publish","type":"page","link":"https:\/\/iscweb.de\/de\/iscinfo\/datenschutz\/","title":{"rendered":"Datenschutz"},"content":{"rendered":"<div class=\"ig_attention\"><\/div>\n<h1>Datenschutzerkl\u00e4rung:<\/h1>\n<p><strong>Datenschutz<\/strong><\/p>\n<p>Die Nutzung unserer Webseite ist in der Regel ohne Angabe personenbezogener Daten m\u00f6glich. Soweit auf unseren Seiten personenbezogene Daten (beispielsweise Name, Anschrift oder eMail-Adressen) erhoben werden, erfolgt dies, soweit m\u00f6glich, stets auf freiwilliger Basis. Diese Daten werden ohne Ihre ausdr\u00fcckliche Zustimmung nicht an Dritte weitergegeben.<\/p>\n<p>Wir weisen darauf hin, dass die Daten\u00fcbertragung im Internet (z.B. bei der Kommunikation per E-Mail) Sicherheitsl\u00fccken aufweisen kann. Ein l\u00fcckenloser Schutz der Daten vor dem Zugriff durch Dritte ist nicht m\u00f6glich.<\/p>\n<p>Der Nutzung von im Rahmen der Impressumspflicht ver\u00f6ffentlichten Kontaktdaten durch Dritte zur \u00dcbersendung von nicht ausdr\u00fccklich angeforderter Werbung und Informationsmaterialien wird hiermit ausdr\u00fccklich widersprochen. Die Betreiber der Seiten behalten sich ausdr\u00fccklich rechtliche Schritte im Falle der unverlangten Zusendung von Werbeinformationen, etwa durch Spam-Mails, vor.<\/p>\n<p>Unsere an die EU-Datenschutz-Grundverordnung (EU-DSGVO) angepasste Datenschutzerkl\u00e4rung tritt mit deren Umsetzung am 25.05.2018 in Kraft.<\/p>\n<p>Verantwortlicher f\u00fcr die Datenverarbeitung<\/p>\n<p>ISC GmbH, Zum Kraehenschnabel 1, 97837 Erlenbach, Telefon: 0049 9391 3315, Email: info(at)iscweb.de<\/p>\n<p>Gesch\u00e4ftsf\u00fchrung: Angelika Winkler<\/p>\n<p>Wir verarbeiten Ihre personenbezogenen Daten unter Beachtung der EU-DSGVO, des Bundesdatenschutzgesetzes (BDSG), sowie aller weiteren hierf\u00fcr ma\u00dfgeblichen Gesetze.<\/p>\n<p>Grunds\u00e4tze<br \/>\nIhre Daten werden nach den Grunds\u00e4tzen DSGVO, Art. 5 verarbeitet. Dies bedeutet f\u00fcr Sie, dass eine rechtm\u00e4\u00dfige, transparente und zweckgebundene Verarbeitung stattfindet, der Umfang der Daten auf das erforderliche Minimum beschr\u00e4nkt wird und unrichtige oder veraltete Daten nach Kenntniserlangung unmittelbar ge\u00e4ndert oder gel\u00f6scht werden.<\/p>\n<p>Datenverarbeitung im Unternehmen<br \/>\nIhre Daten k\u00f6nnen u.a. zur zentralen Verwaltung von Anschriftendaten, f\u00fcr den telefonischen Kundenservice, zur Vertrags- und Leistungsbearbeitung, f\u00fcr In- und Exkasso oder zur gemeinsamen Postbearbeitung zentral innerhalb des Unternhemens\u00a0verarbeitet werden.<\/p>\n<p>Externe Dienstleister<br \/>\nWir bedienen uns zur Erf\u00fcllung unserer vertraglichen und gesetzlichen Pflichten zum Teil externer Dienstleister. Die Verarbeitung erfolgt im Einklang mit der DSGVO und gew\u00e4hrleistet den Schutz der Rechte der Betroffenen.<\/p>\n<p>Weitere Empf\u00e4nger<br \/>\nDar\u00fcber hinaus k\u00f6nnen wir Ihre personenbezogenen Daten, wenn erforderlich, an weitere Empf\u00e4nger \u00fcbermitteln, wie etwa Beh\u00f6rden zur Erf\u00fcllung gesetzlicher Mitteilungspflichten, z.B. Sozialversicherungstr\u00e4ger, Finanz-, Sozialbeh\u00f6rden oder Strafverfolgungsbeh\u00f6rden und Gerichte.<\/p>\n<p>Daten\u00fcbermittlung in ein Drittland<br \/>\nSollten wir personenbezogene Daten an Dienstleister au\u00dferhalb der EU und des Europ\u00e4ischen Wirtschaftsraums (EWR) \u00fcbermitteln, erfolgt die \u00dcbermittlung nur, soweit dem Drittland durch die EU-Kommission ein angemessenes Datenschutzniveau best\u00e4tigt wurde oder andere angemessene Datenschutzgarantien (z.B. verbindliche unternehmensinterne Datenschutzvorschriften oder EU-Standardvertragsklauseln) vorhanden sind.<\/p>\n<p>Zwecke der Datenspeicherung<br \/>\nBei der ISC\u00a0werden Kundendaten f\u00fcr folgende Zwecke gespeichert: F\u00fcr den Vertrieb von Waren oder Dienstleistungen, f\u00fcr die Werbung f\u00fcr Waren oder Dienstleistungen, f\u00fcr die Erstellung eines Kundenkontos, zur Kontaktaufnahme sowie zum Zwecke der elektronischen Kommunikation. Die Daten werden zweckgebunden gespeichert und jeweils nur zu dem Zweck verarbeitet, f\u00fcr den eine Einwilligung vorliegt.<\/p>\n<p>Dauer der Datenspeicherung<br \/>\nWir l\u00f6schen Ihre personenbezogenen Daten sobald sie f\u00fcr die oben genannten Zwecke nicht mehr erforderlich sind. Dabei kann es vorkommen, dass personenbezogene Daten f\u00fcr die Zeit aufbewahrt werden, in der Anspr\u00fcche gegen unser Unternehmen geltend gemacht werden k\u00f6nnen (gesetzliche Verj\u00e4hrungsfrist von drei oder bis zu drei\u00dfig Jahren). Zudem speichern wir Ihre personenbezogenen Daten, soweit wir dazu gesetzlich verpflichtet sind. Entsprechende Nachweis- und Aufbewahrungspflichten ergeben sich unter anderem aus dem Handelsgesetzbuch (HGB) und der Abgabenordnung (AO). Die Speicherfristen k\u00f6nnen demnach bis zu zehn Jahren betragen.<\/p>\n<p>Cookies<br \/>\nDie Internetseiten verwenden teilweise so genannte Cookies. Cookies richten auf Ihrem Rechner keinen Schaden an und enthalten keine Viren. Cookies dienen dazu, unser Angebot nutzerfreundlicher, effektiver und sicherer zu machen. Cookies sind kleine Textdateien, die auf Ihrem Rechner abgelegt werden und die Ihr Browser speichert.<\/p>\n<p>Die meisten der von uns verwendeten Cookies sind so genannte \u201eSession-Cookies\u201c. Sie werden nach Ende Ihres Besuchs automatisch gel\u00f6scht. Andere Cookies bleiben auf Ihrem Endger\u00e4t gespeichert, bis Sie diese l\u00f6schen. Diese Cookies erm\u00f6glichen es uns, Ihren Browser beim n\u00e4chsten Besuch wiederzuerkennen. Sie k\u00f6nnen Ihren Browser so einstellen, dass Sie \u00fcber das Setzen von Cookies informiert werden und Cookies nur im Einzelfall erlauben, die Annahme von Cookies f\u00fcr bestimmte F\u00e4lle oder generell ausschlie\u00dfen sowie das automatische L\u00f6schen der Cookies beim Schlie\u00dfen des Browsers aktivieren. Bei der Deaktivierung von Cookies kann die Funktionalit\u00e4t dieser Website eingeschr\u00e4nkt sein.<\/p>\n<p>Server-Log-Files<br \/>\nISC\u00a0erhebt und speichert automatisch Informationen in so genannten Server-Log Files, die Ihr Browser automatisch an uns \u00fcbermittelt. Dies sind: Browsertyp und Browserversion, verwendetes Betriebssystem, Referrer URL, Hostname des zugreifenden Rechners, Uhrzeit der Serveranfrage. Diese Daten sind nicht bestimmten Personen zuordenbar. Eine Zusammenf\u00fchrung dieser Daten mit anderen Datenquellen wird nicht vorgenommen. Wir behalten uns vor, diese Daten nachtr\u00e4glich zu pr\u00fcfen, wenn uns konkrete Anhaltspunkte f\u00fcr eine rechtswidrige Nutzung bekannt werden.<\/p>\n<p>Google Analytics<br \/>\nDiese Website nutzt Google Analytics nicht.<\/p>\n<p>Verschl\u00fcsselung<br \/>\nUnsere Website nutzt aus Gr\u00fcnden der Sicherheit und zum Schutz der \u00dcbertragung vertraulicher Inhalte, wie zum Beispiel der Anfragen, die Sie an uns als Seitenbetreiber senden, eine SSL-Verschl\u00fcsselung. Eine verschl\u00fcsselte Verbindung erkennen Sie daran, dass die Adresszeile des Browsers von &#8222;http:\/\/&#8220; auf &#8222;https:\/\/&#8220; wechselt und an dem Schloss-Symbol in Ihrer Browserzeile. Wenn die SSL Verschl\u00fcsselung aktiviert ist, k\u00f6nnen die Daten, die Sie an uns \u00fcbermitteln, nicht von Dritten mitgelesen werden.<\/p>\n<p>Anonymit\u00e4t<br \/>\nIn allen \u00f6ffentlichen ISC Webseiten k\u00f6nnen Sie sich anonym bewegen. Wir sammeln nur statistische, nicht auf Sie zur\u00fcckf\u00fchrbare Daten zur Verbesserung unseres Internet-Auftritts.<\/p>\n<p>Pseudonymit\u00e4t<br \/>\nBei Nutzung unserer Dialog-Masken steht es Ihnen frei, zur Kontaktaufnahme lediglich eine E-Mail-Adresse anzugeben. Es erfolgt keine Ermittlung dieser Adresse.<\/p>\n<p>Einwilligung\/Freiwilligkeit<br \/>\nOhne Ihre ausdr\u00fcckliche Einwilligung erfolgt keine automatisierte Erhebung, Verarbeitung oder Nutzung personenbezogener Daten aus Ihrem Internet-Besuch.<\/p>\n<p>Umgang mit E-Mails<br \/>\nBevor Sie uns eine unverschl\u00fcsselte E-Mail \u00fcber Ihren Internet-Provider schicken, bedenken Sie, dass deren Inhalt im Internet nicht unbedingt gegen unbefugte Kenntnisnahme, Verf\u00e4lschung usw. gesch\u00fctzt ist.<\/p>\n<p>Kontaktformular<br \/>\nWenn Sie uns per Kontaktformular Anfragen zukommen lassen, werden Ihre Angaben aus dem Anfrageformular inklusive der von Ihnen dort angegebenen Kontaktdaten zwecks Bearbeitung der Anfrage und f\u00fcr den Fall von Anschlussfragen bei uns gespeichert. Diese Daten geben wir nicht weiter.<\/p>\n<p>Newsletter<br \/>\nWenn Sie den auf der Website angebotenen Newsletter beziehen m\u00f6chten, ben\u00f6tigen wir von Ihnen eine E-Mail-Adresse sowie Informationen, welche uns die \u00dcberpr\u00fcfung gestatten, dass Sie der Inhaber der angegebenen E-Mail-Adresse sind und mit dem Empfang des Newsletters einverstanden sind. Weitere Daten werden nicht erhoben. Diese Daten verwenden wir ausschlie\u00dflich f\u00fcr den Versand der angeforderten Informationen und geben sie nicht an Dritte weiter.<\/p>\n<p>Die erteilte Einwilligung zur Speicherung der Daten, der E-Mail-Adresse sowie deren Nutzung zum Versand des Newsletters k\u00f6nnen Sie jederzeit widerrufen, etwa \u00fcber den &#8222;Austragen&#8220;-Link im Newsletter.<\/p>\n<p>Betroffenenrechte<br \/>\nRecht auf Auskunft und Information<br \/>\nSie k\u00f6nnen von der verantwortlichen Stelle \u00fcber die zu Ihrer Person gespeicherten Daten, \u00fcber deren Herkunft und \u00fcber den Zweck der Datenspeicherung Auskunft verlangen. Die \u00dcbermittlung erfolgt elektronisch oder postalisch und ist einmalig kostenfrei. F\u00fcr jede weitere angeforderte Kopie kann eine angemessene Verwaltungspauschale berechnet werden.<\/p>\n<p>Recht auf Berichtigung<br \/>\nSie k\u00f6nnen jederzeit die Berichtigung unrichtig gespeicherter Daten oder die Erg\u00e4nzung unvollst\u00e4ndiger personenbezogener Daten verlangen.<\/p>\n<p>Recht auf L\u00f6schung<br \/>\nSie k\u00f6nnen die L\u00f6schung Ihrer nicht mehr erforderlichen Daten verlangen, wenn diese keiner Aufbewahrungspflicht unterliegen.<\/p>\n<p>Recht auf Einschr\u00e4nkung der Verarbeitung<br \/>\nSie haben weiterhin unter bestimmten Voraussetzungen ein Recht auf Einschr\u00e4nkung der Verarbeitung Ihrer Daten.<\/p>\n<p>Recht auf Daten\u00fcbertragbarkeit<br \/>\nDes Weiteren k\u00f6nnen Sie die von Ihnen bereitgestellten Daten in einem strukturierten, g\u00e4ngigen und maschinenlesbaren Format anfordern, diese einem anderen Verantwortlichen \u00fcbermitteln oder erwirken, dass diese direkt an diesen \u00fcbermittelt werden.<\/p>\n<p>Widerspruchsrecht<br \/>\nSie haben das Recht, einer Verarbeitung Ihrer personenbezogenen Daten zu Zwecken der Direktwerbung zu widersprechen. Verarbeiten wir Ihre Daten zur Wahrung berechtigter Interessen, k\u00f6nnen Sie dieser Verarbeitung widersprechen, wenn sich aus Ihrer besonderen Situation Gr\u00fcnde ergeben, die gegen die Datenverarbeitung sprechen.<\/p>\n<p>Haben Sie Fragen oder Beschwerden zum Thema Datenschutz?<br \/>\nUnseren Datenschutzbeauftragten erreichen Sie<\/p>\n<p>per Post unter:<\/p>\n<p>ISC GmbH<br \/>\nz.Hd. DATENSCHUTZBEAUFTRAGTER<br \/>\nZum Kraehenschnabel 1<br \/>\n97837 Erlenbach<\/p>\n<p>oder per Email unter:<\/p>\n<p>datenschutz(at)iscweb.de<\/p>\n<p>Quelle: e-recht24.de (Auszugsweise)<\/p>\n","protected":false},"excerpt":{"rendered":"<p>Datenschutzerkl\u00e4rung: Datenschutz Die Nutzung unserer Webseite ist in der Regel ohne Angabe personenbezogener Daten m\u00f6glich. Soweit auf unseren Seiten personenbezogene Daten (beispielsweise Name, Anschrift oder eMail-Adressen) erhoben werden, erfolgt dies,&#8230;.<\/p>\n","protected":false},"author":1,"featured_media":0,"parent":111,"menu_order":4,"comment_status":"closed","ping_status":"closed","template":"","meta":{"footnotes":""},"_links":{"self":[{"href":"https:\/\/iscweb.de\/de\/wp-json\/wp\/v2\/pages\/159"}],"collection":[{"href":"https:\/\/iscweb.de\/de\/wp-json\/wp\/v2\/pages"}],"about":[{"href":"https:\/\/iscweb.de\/de\/wp-json\/wp\/v2\/types\/page"}],"author":[{"embeddable":true,"href":"https:\/\/iscweb.de\/de\/wp-json\/wp\/v2\/users\/1"}],"replies":[{"embeddable":true,"href":"https:\/\/iscweb.de\/de\/wp-json\/wp\/v2\/comments?post=159"}],"version-history":[{"count":4,"href":"https:\/\/iscweb.de\/de\/wp-json\/wp\/v2\/pages\/159\/revisions"}],"predecessor-version":[{"id":432,"href":"https:\/\/iscweb.de\/de\/wp-json\/wp\/v2\/pages\/159\/revisions\/432"}],"up":[{"embeddable":true,"href":"https:\/\/iscweb.de\/de\/wp-json\/wp\/v2\/pages\/111"}],"wp:attachment":[{"href":"https:\/\/iscweb.de\/de\/wp-json\/wp\/v2\/media?parent=159"}],"curies":[{"name":"wp","href":"https:\/\/api.w.org\/{rel}","templated":true}]}}