{"id":151,"date":"2015-03-20T08:50:42","date_gmt":"2015-03-20T08:50:42","guid":{"rendered":"http:\/\/iscweb.de\/de\/?page_id=151"},"modified":"2020-10-09T11:26:08","modified_gmt":"2020-10-09T09:26:08","slug":"impressum","status":"publish","type":"page","link":"https:\/\/iscweb.de\/de\/iscinfo\/impressum\/","title":{"rendered":"Impressum"},"content":{"rendered":"<h1>Impressum<\/h1>\n<p>Angaben gem\u00e4\u00df \u00a7 5 TMG:<\/p>\n<p>International Systems &amp; Consulting GmbH (isc)<br \/>\nPostfach 1122<br \/>\n97828 Erlenbach<\/p>\n<p><b>ISC B\u00fcro W\u00fcrzburg<\/b><br \/>\nInternational Systems &amp; Consulting GmbH (isc)<br \/>\nAm Schindanger 26<br \/>\n97240 H\u00f6chberg<\/p>\n<pre><\/pre>\n<p>TELEFON: +49 931 6808 4050<\/p>\n<h2>Vertreten durch:<\/h2>\n<p>Gesch\u00e4ftsf\u00fchrerin: Angelika Winkler<\/p>\n<h2>Kontakt:<\/h2>\n<table>\n<tbody>\n<tr>\n<td>Telefon:<\/td>\n<td>+49 931 6808 4050<\/td>\n<td>+49 931 6808 3677<\/td>\n<\/tr>\n<tr>\n<td>Telefax:<\/td>\n<td>+49 931 4070189<\/td>\n<\/tr>\n<tr>\n<td>E-Mail:<\/td>\n<td>info@iscweb.de<\/td>\n<\/tr>\n<\/tbody>\n<\/table>\n<h2>Registereintrag:<\/h2>\n<p>Eintragung im Handelsregister.<br \/>\nRegistergericht: W\u00fcrzburg<br \/>\nRegisternummer: HRB 10543<\/p>\n<h2>Umsatzsteuer-ID:<\/h2>\n<p>Umsatzsteuer-Identifikationsnummer gem\u00e4\u00df \u00a727 a Umsatzsteuergesetz:<br \/>\nDE270075713<\/p>\n<h2>Quellenangaben f\u00fcr die verwendeten Bilder und Grafiken:<\/h2>\n<p>graphicstock.com, wordpress.org und eigene Bilder<\/p>\n","protected":false},"excerpt":{"rendered":"<p>Impressum Angaben gem\u00e4\u00df \u00a7 5 TMG: International Systems &amp; Consulting GmbH (isc) Postfach 1122 97828 Erlenbach ISC B\u00fcro W\u00fcrzburg International Systems &amp; Consulting GmbH (isc) Am Schindanger 26 97240 H\u00f6chberg&#8230;.<\/p>\n","protected":false},"author":1,"featured_media":0,"parent":111,"menu_order":2,"comment_status":"closed","ping_status":"closed","template":"","meta":{"footnotes":""},"_links":{"self":[{"href":"https:\/\/iscweb.de\/de\/wp-json\/wp\/v2\/pages\/151"}],"collection":[{"href":"https:\/\/iscweb.de\/de\/wp-json\/wp\/v2\/pages"}],"about":[{"href":"https:\/\/iscweb.de\/de\/wp-json\/wp\/v2\/types\/page"}],"author":[{"embeddable":true,"href":"https:\/\/iscweb.de\/de\/wp-json\/wp\/v2\/users\/1"}],"replies":[{"embeddable":true,"href":"https:\/\/iscweb.de\/de\/wp-json\/wp\/v2\/comments?post=151"}],"version-history":[{"count":10,"href":"https:\/\/iscweb.de\/de\/wp-json\/wp\/v2\/pages\/151\/revisions"}],"predecessor-version":[{"id":430,"href":"https:\/\/iscweb.de\/de\/wp-json\/wp\/v2\/pages\/151\/revisions\/430"}],"up":[{"embeddable":true,"href":"https:\/\/iscweb.de\/de\/wp-json\/wp\/v2\/pages\/111"}],"wp:attachment":[{"href":"https:\/\/iscweb.de\/de\/wp-json\/wp\/v2\/media?parent=151"}],"curies":[{"name":"wp","href":"https:\/\/api.w.org\/{rel}","templated":true}]}}