{"id":106,"date":"2015-03-19T13:44:31","date_gmt":"2015-03-19T13:44:31","guid":{"rendered":"http:\/\/iscweb.de\/de\/?page_id=106"},"modified":"2015-03-19T17:48:48","modified_gmt":"2015-03-19T17:48:48","slug":"support","status":"publish","type":"page","link":"https:\/\/iscweb.de\/de\/support\/","title":{"rendered":"Ganz pers\u00f6nlich !<br>Support Service"},"content":{"rendered":"<p><a href=\"https:\/\/iscweb.de\/de\/wp-content\/uploads\/2015\/03\/Support1.png\"><img loading=\"lazy\" decoding=\"async\" class=\"  wp-image-120 alignleft\" src=\"https:\/\/iscweb.de\/de\/wp-content\/uploads\/2015\/03\/Support1.png\" alt=\"Support1\" width=\"120\" height=\"94\" srcset=\"https:\/\/iscweb.de\/de\/wp-content\/uploads\/2015\/03\/Support1.png 635w, https:\/\/iscweb.de\/de\/wp-content\/uploads\/2015\/03\/Support1-300x236.png 300w\" sizes=\"(max-width: 120px) 100vw, 120px\" \/><\/a><\/p>\n<p>1st und 2nd Level Support f\u00fcr Ihre Mitarbeiter oder nur f\u00fcr Ihre(n) Administrator(in). ISC unterst\u00fctzt Ihre EDV nach individueller Vereinbarung. Mit dem ISC Support Konto k\u00f6nnen Sie Support-Units im 10 Minuten Zeittakt abrechnen.<\/p>\n","protected":false},"excerpt":{"rendered":"<p>1st und 2nd Level Support f\u00fcr Ihre Mitarbeiter oder nur f\u00fcr Ihre(n) Administrator(in). ISC unterst\u00fctzt Ihre EDV nach individueller Vereinbarung. Mit dem ISC Support Konto k\u00f6nnen Sie Support-Units im 10&#8230;.<\/p>\n","protected":false},"author":1,"featured_media":0,"parent":0,"menu_order":2,"comment_status":"closed","ping_status":"closed","template":"","meta":{"footnotes":""},"_links":{"self":[{"href":"https:\/\/iscweb.de\/de\/wp-json\/wp\/v2\/pages\/106"}],"collection":[{"href":"https:\/\/iscweb.de\/de\/wp-json\/wp\/v2\/pages"}],"about":[{"href":"https:\/\/iscweb.de\/de\/wp-json\/wp\/v2\/types\/page"}],"author":[{"embeddable":true,"href":"https:\/\/iscweb.de\/de\/wp-json\/wp\/v2\/users\/1"}],"replies":[{"embeddable":true,"href":"https:\/\/iscweb.de\/de\/wp-json\/wp\/v2\/comments?post=106"}],"version-history":[{"count":8,"href":"https:\/\/iscweb.de\/de\/wp-json\/wp\/v2\/pages\/106\/revisions"}],"predecessor-version":[{"id":142,"href":"https:\/\/iscweb.de\/de\/wp-json\/wp\/v2\/pages\/106\/revisions\/142"}],"wp:attachment":[{"href":"https:\/\/iscweb.de\/de\/wp-json\/wp\/v2\/media?parent=106"}],"curies":[{"name":"wp","href":"https:\/\/api.w.org\/{rel}","templated":true}]}}